{"id":257,"date":"2023-05-22T20:00:48","date_gmt":"2023-05-22T20:00:48","guid":{"rendered":"https:\/\/chhfonline.org\/?page_id=257"},"modified":"2025-06-06T18:09:03","modified_gmt":"2025-06-06T18:09:03","slug":"voyage-missionnaire","status":"publish","type":"page","link":"https:\/\/chhfonline.org\/index.php\/voyage-missionnaire\/","title":{"rendered":"Voyage Missionnaire"},"content":{"rendered":"<h1>Mission 2025<\/h1>\n<p><em><strong>Notre voyage missionnaire 2025 aura lieu \u00e0 Bahamas du 23 juin au 1er juillet.\u00a0 Nous comptons sur vos pri\u00e8res et votre contribution financi\u00e8re.<\/strong><\/em><\/p>\n<h2><code><a href=\"https:\/\/www.youtube.com\/@christianhaitianheritage\" target=\"_blank\" rel=\"noopener\">Subscribe to our YouTube Channel!<\/a><\/code><\/h2>\n<h4>Chants Pour Mission 2025: <span style=\"color: blue;\"> <a href=\"https:\/\/flipbooks.fleepit.com\/f-56097-mission_2024\" target=\"_blank\" rel=\"noopener\"><img loading=\"lazy\" decoding=\"async\" class=\"alignnone wp-image-307 \" src=\"https:\/\/chhfonline.org\/wp-content\/uploads\/2024\/05\/Chant-1-150x150.png\" alt=\"\" width=\"66\" height=\"66\" \/><\/a><a href=\"https:\/\/flipbooks.fleepit.com\/f-56097-mission_2024\" target=\"_blank\" rel=\"noopener\">Les Paroles<\/a><\/span><\/h4>\n<ul>\n<li><strong>Apres la pluie se bel soleil<\/strong><audio class=\"wp-audio-shortcode\" id=\"audio-257-1\" preload=\"auto\" style=\"width: 100%;\" controls=\"controls\"><source type=\"audio\/mpeg\" src=\"https:\/\/chhfonline.org\/wp-content\/uploads\/2023\/05\/Apres-la-Pluie-se-bel-soleil.mp3?_=1\" \/><a href=\"https:\/\/chhfonline.org\/wp-content\/uploads\/2023\/05\/Apres-la-Pluie-se-bel-soleil.mp3\">https:\/\/chhfonline.org\/wp-content\/uploads\/2023\/05\/Apres-la-Pluie-se-bel-soleil.mp3<\/a><\/audio><\/li>\n<li><strong>Je veux louer<\/strong><audio class=\"wp-audio-shortcode\" id=\"audio-257-2\" preload=\"auto\" style=\"width: 100%;\" controls=\"controls\"><source type=\"audio\/mpeg\" src=\"https:\/\/chhfonline.org\/wp-content\/uploads\/2023\/05\/Je-veux-louer.mp3?_=2\" \/><a href=\"https:\/\/chhfonline.org\/wp-content\/uploads\/2023\/05\/Je-veux-louer.mp3\">https:\/\/chhfonline.org\/wp-content\/uploads\/2023\/05\/Je-veux-louer.mp3<\/a><\/audio><\/li>\n<li><strong>J\u00e9zu di nou all\u00e9<\/strong><audio class=\"wp-audio-shortcode\" id=\"audio-257-3\" preload=\"none\" style=\"width: 100%;\" controls=\"controls\"><source type=\"audio\/mpeg\" src=\"https:\/\/chhfonline.org\/wp-content\/uploads\/2023\/05\/Jezu-di-nou-alle.mp3?_=3\" \/><a href=\"https:\/\/chhfonline.org\/wp-content\/uploads\/2023\/05\/Jezu-di-nou-alle.mp3\">https:\/\/chhfonline.org\/wp-content\/uploads\/2023\/05\/Jezu-di-nou-alle.mp3<\/a><\/audio><\/li>\n<li><strong>Souvan nou mande<\/strong><audio class=\"wp-audio-shortcode\" id=\"audio-257-4\" preload=\"auto\" style=\"width: 100%;\" controls=\"controls\"><source type=\"audio\/mpeg\" src=\"https:\/\/chhfonline.org\/wp-content\/uploads\/2023\/05\/Souvan-nou-mande.mp3?_=4\" \/><a href=\"https:\/\/chhfonline.org\/wp-content\/uploads\/2023\/05\/Souvan-nou-mande.mp3\">https:\/\/chhfonline.org\/wp-content\/uploads\/2023\/05\/Souvan-nou-mande.mp3<\/a><\/audio><\/li>\n<li><strong>Si tu veux le repos<\/strong><audio class=\"wp-audio-shortcode\" id=\"audio-257-5\" preload=\"auto\" style=\"width: 100%;\" controls=\"controls\"><source type=\"audio\/mpeg\" src=\"https:\/\/chhfonline.org\/wp-content\/uploads\/2025\/06\/SI-TU-VEUX-LE-REPOS.mp3?_=5\" \/><a href=\"https:\/\/chhfonline.org\/wp-content\/uploads\/2025\/06\/SI-TU-VEUX-LE-REPOS.mp3\">https:\/\/chhfonline.org\/wp-content\/uploads\/2025\/06\/SI-TU-VEUX-LE-REPOS.mp3<\/a><\/audio><\/li>\n<\/ul>\n","protected":false},"excerpt":{"rendered":"<p>Mission 2025 Notre voyage missionnaire 2025 aura lieu \u00e0 Bahamas du 23 juin au 1er juillet.\u00a0 Nous comptons sur vos pri\u00e8res et votre contribution financi\u00e8re. Subscribe to our YouTube Channel! Chants Pour Mission 2025: Les Paroles Apres la pluie se bel soleil Je veux louer J\u00e9zu di nou all\u00e9 Souvan nou mande Si tu veux [&hellip;]<\/p>\n","protected":false},"author":1,"featured_media":0,"parent":0,"menu_order":0,"comment_status":"closed","ping_status":"closed","template":"","meta":{"_crdt_document":"","footnotes":""},"class_list":["post-257","page","type-page","status-publish","hentry"],"_links":{"self":[{"href":"https:\/\/chhfonline.org\/index.php\/wp-json\/wp\/v2\/pages\/257","targetHints":{"allow":["GET"]}}],"collection":[{"href":"https:\/\/chhfonline.org\/index.php\/wp-json\/wp\/v2\/pages"}],"about":[{"href":"https:\/\/chhfonline.org\/index.php\/wp-json\/wp\/v2\/types\/page"}],"author":[{"embeddable":true,"href":"https:\/\/chhfonline.org\/index.php\/wp-json\/wp\/v2\/users\/1"}],"replies":[{"embeddable":true,"href":"https:\/\/chhfonline.org\/index.php\/wp-json\/wp\/v2\/comments?post=257"}],"version-history":[{"count":41,"href":"https:\/\/chhfonline.org\/index.php\/wp-json\/wp\/v2\/pages\/257\/revisions"}],"predecessor-version":[{"id":314,"href":"https:\/\/chhfonline.org\/index.php\/wp-json\/wp\/v2\/pages\/257\/revisions\/314"}],"wp:attachment":[{"href":"https:\/\/chhfonline.org\/index.php\/wp-json\/wp\/v2\/media?parent=257"}],"curies":[{"name":"wp","href":"https:\/\/api.w.org\/{rel}","templated":true}]}}